{"id":717,"date":"2022-02-20T08:28:45","date_gmt":"2022-02-20T08:28:45","guid":{"rendered":"https:\/\/startersites.io\/stagingthree\/?page_id=717"},"modified":"2026-05-11T22:56:15","modified_gmt":"2026-05-11T22:56:15","slug":"projects","status":"publish","type":"page","link":"https:\/\/lmcs.pe\/WP\/projects\/","title":{"rendered":"About us"},"content":{"rendered":"\n<p class=\"has-text-align-center has-palette-color-3-color has-text-color has-link-color has-small-font-size wp-elements-da8bfe537bb488aa717ef678844d71db\"><\/p>\n\n\n\n<div class=\"wp-block-stackable-text stk-block-text stk-block stk-c3863ff\" data-block-id=\"c3863ff\"><style>.stk-c3863ff {margin-bottom:-10px !important;}.stk-c3863ff .stk-block-text__text{font-size:50px !important;}@media screen and (max-width:999px){.stk-c3863ff .stk-block-text__text{font-size:50px !important;}}<\/style><p class=\"stk-block-text__text has-text-align-center\">Who we are<\/p><\/div>\n\n\n\n<div class=\"wp-block-stackable-text stk-block-text stk-block stk-cf7fc09\" data-block-id=\"cf7fc09\"><style>.stk-cf7fc09 .stk-block-text__text{font-size:30px !important;color:var(--theme-palette-color-2, #D6AD61) !important;}@media screen and (max-width:999px){.stk-cf7fc09 .stk-block-text__text{font-size:30px !important;}}<\/style><p class=\"stk-block-text__text has-text-color has-text-align-center\">Qui\u00e9nes somos<\/p><\/div>\n\n\n\n<div class=\"wp-block-stackable-spacer stk-block-spacer stk--no-padding stk-block stk-448670c\" data-block-id=\"448670c\"><style>.stk-448670c {height:0px !important;}@media screen and (max-width:999px){.stk-448670c {height:80px !important;}}<\/style><\/div>\n\n\n\n<div class=\"wp-block-stackable-text stk-block-text stk-block stk-e32cb48\" data-block-id=\"e32cb48\"><style>.stk-e32cb48 {align-items:center !important;max-width:1020px !important;min-width:auto !important;margin-right:auto !important;margin-bottom:nullpx !important;margin-left:auto !important;display:flex !important;}<\/style><p class=\"stk-block-text__text has-text-align-left\">La Molina Christian Schools es una instituci\u00f3n educativa privada, biling\u00fce y de confesi\u00f3n cristiana bautista. Brindamos una formaci\u00f3n integral a familias que comparten y respetan nuestra filosof\u00eda y modelo educativo. Bajo un modelo de educaci\u00f3n de excelencia basada en la fe, LMCS ejerce su autonom\u00eda pedag\u00f3gica en plena conformidad con la normativa peruana, manteniendo siempre la fidelidad a los principios b\u00edblicos.<\/p><\/div>\n\n\n\n<div class=\"wp-block-stackable-text stk-block-text stk-block stk-dba602f\" data-block-id=\"dba602f\"><style>.stk-dba602f {max-width:998px !important;min-width:auto !important;margin-bottom:50px !important;}<\/style><p class=\"stk-block-text__text\"><\/p><\/div>\n\n\n\n<div class=\"wp-block-stackable-text stk-block-text stk-block stk-c5ca926\" data-block-id=\"c5ca926\"><style>.stk-c5ca926 {margin-bottom:-10px !important;}.stk-c5ca926 .stk-block-text__text{font-size:50px !important;}@media screen and (max-width:999px){.stk-c5ca926 .stk-block-text__text{font-size:50px !important;}}<\/style><p class=\"stk-block-text__text has-text-align-center\">Our organizational chart<\/p><\/div>\n\n\n\n<div class=\"wp-block-stackable-text stk-block-text stk-block stk-47bc47a\" data-block-id=\"47bc47a\"><style>.stk-47bc47a .stk-block-text__text{font-size:30px !important;color:var(--theme-palette-color-2, #D6AD61) !important;}@media screen and (max-width:999px){.stk-47bc47a .stk-block-text__text{font-size:30px !important;}}<\/style><p class=\"stk-block-text__text has-text-color has-text-align-center\">Nuestro organigrama<\/p><\/div>\n\n\n\n<div class=\"wp-block-stackable-text stk-block-text stk-block stk-19d0515\" data-block-id=\"19d0515\"><style>.stk-19d0515 {margin-bottom:63px !important;}<\/style><p class=\"stk-block-text__text\"><\/p><\/div>\n\n\n\n<p>Lorem Ipsum has been the industry&#8217;s standard dummy text ever since the 1500s.<\/p>\n\n\n\n<div class=\"wp-block-stackable-text stk-block-text stk-block stk-b9366a5\" data-block-id=\"b9366a5\"><style>.stk-b9366a5 {margin-bottom:83px !important;}<\/style><p class=\"stk-block-text__text\"><\/p><\/div>\n\n\n\n<div class=\"wp-block-columns is-layout-flex wp-container-core-columns-is-layout-28f84493 wp-block-columns-is-layout-flex\">\n<div class=\"wp-block-column is-layout-flow wp-block-column-is-layout-flow\">\n<div class=\"wp-block-columns is-layout-flex wp-container-core-columns-is-layout-28f84493 wp-block-columns-is-layout-flex\">\n<div class=\"wp-block-column is-layout-flow wp-block-column-is-layout-flow\"><\/div>\n<\/div>\n<\/div>\n<\/div>\n\n\n\n<div class=\"wp-block-stackable-text stk-block-text stk-block stk-15f7f14\" data-block-id=\"15f7f14\"><p class=\"stk-block-text__text\"><\/p><\/div>\n\n\n\n<div class=\"wp-block-stackable-columns stk-block-columns stk-block stk-bb00144\" data-block-id=\"bb00144\"><div class=\"stk-row stk-inner-blocks stk-block-content stk-content-align stk-bb00144-column\">\n<div class=\"wp-block-stackable-column stk-block-column stk-column stk-block stk-589e0b1\" data-v=\"4\" data-block-id=\"589e0b1\"><div class=\"stk-column-wrapper stk-block-column__content stk-container stk-589e0b1-container stk--no-background stk--no-padding\"><div class=\"stk-block-content stk-inner-blocks stk-589e0b1-inner-blocks\">\n<div class=\"wp-block-stackable-columns stk-block-columns stk-block stk-5e64760\" data-block-id=\"5e64760\"><div class=\"stk-row stk-inner-blocks stk-block-content stk-content-align stk-5e64760-column\"><\/div><\/div>\n<\/div><\/div><\/div>\n<\/div><\/div>\n\n\n\n<div class=\"wp-block-stackable-text stk-block-text stk-block stk-efead25\" data-block-id=\"efead25\"><p class=\"stk-block-text__text\"><\/p><\/div>\n\n\n\n<div class=\"wp-block-stackable-text stk-block-text stk-block stk-61843da\" data-block-id=\"61843da\"><style>.stk-61843da {margin-bottom:-20px !important;}.stk-61843da .stk-block-text__text{font-size:50px !important;}@media screen and (max-width:999px){.stk-61843da .stk-block-text__text{font-size:50px !important;}}<\/style><p class=\"stk-block-text__text has-text-align-center\"><strong>Our team<\/strong><\/p><\/div>\n\n\n\n<div class=\"wp-block-stackable-text stk-block-text stk-block stk-a94e23a\" data-block-id=\"a94e23a\"><style>.stk-a94e23a .stk-block-text__text{font-size:30px !important;}@media screen and (max-width:999px){.stk-a94e23a .stk-block-text__text{font-size:30px !important;}}<\/style><p class=\"stk-block-text__text has-text-align-center\">Nuestro equipo<\/p><\/div>\n\n\n\n<div class=\"wp-block-stackable-text stk-block-text stk-block stk-98ba519\" data-block-id=\"98ba519\"><p class=\"stk-block-text__text\"><\/p><\/div>\n\n\n\n<div class=\"wp-block-stackable-columns stk-block-columns stk-block stk-a74d037\" data-block-id=\"a74d037\"><div class=\"stk-row stk-inner-blocks stk-block-content stk-content-align stk-a74d037-column\">\n<div class=\"wp-block-stackable-column stk-block-column stk-column stk-block stk-46a2025\" data-v=\"4\" data-block-id=\"46a2025\"><div class=\"stk-column-wrapper stk-block-column__content stk-container stk-46a2025-container stk--no-background stk--no-padding\"><div class=\"stk-block-content stk-inner-blocks stk-46a2025-inner-blocks\">\n<p>Lorem Ipsum has been the industry&#8217;s standard dummy text ever since the 1500s.<\/p>\n\n\n\n<div class=\"wp-block-stackable-text stk-block-text stk-block stk-0513fa7\" data-block-id=\"0513fa7\"><style>.stk-0513fa7 {margin-bottom:83px !important;}.stk-0513fa7 .stk-block-text__text{font-size:var(--stk--preset--font-size--medium, 20px) !important;}@media screen and (max-width:999px){.stk-0513fa7 .stk-block-text__text{font-size:var(--stk--preset--font-size--medium, 20px) !important;}}<\/style><p class=\"stk-block-text__text has-text-align-center\"><strong>Presidente<\/strong><\/p><\/div>\n<\/div><\/div><\/div>\n\n\n\n<div class=\"wp-block-stackable-column stk-block-column stk-column stk-block stk-aea47f6\" data-v=\"4\" data-block-id=\"aea47f6\"><div class=\"stk-column-wrapper stk-block-column__content stk-container stk-aea47f6-container stk--no-background stk--no-padding\"><div class=\"stk-block-content stk-inner-blocks stk-aea47f6-inner-blocks\">\n<p>Lorem Ipsum has been the industry&#8217;s standard dummy text ever since the 1500s.<\/p>\n\n\n\n<div class=\"wp-block-stackable-text stk-block-text stk-block stk-d58d05b\" data-block-id=\"d58d05b\"><style>.stk-d58d05b .stk-block-text__text{font-size:var(--stk--preset--font-size--medium, 20px) !important;}@media screen and (max-width:999px){.stk-d58d05b .stk-block-text__text{font-size:var(--stk--preset--font-size--medium, 20px) !important;}}<\/style><p class=\"stk-block-text__text has-text-align-center\"><strong>Tesorero<\/strong><\/p><\/div>\n<\/div><\/div><\/div>\n\n\n\n<div class=\"wp-block-stackable-column stk-block-column stk-column stk-block stk-f1933c9\" data-v=\"4\" data-block-id=\"f1933c9\"><div class=\"stk-column-wrapper stk-block-column__content stk-container stk-f1933c9-container stk--no-background stk--no-padding\"><div class=\"stk-block-content stk-inner-blocks stk-f1933c9-inner-blocks\">\n<p>Lorem Ipsum has been the industry&#8217;s standard dummy text ever since the 1500s.<\/p>\n\n\n\n<div class=\"wp-block-stackable-text stk-block-text stk-block stk-6dd6537\" data-block-id=\"6dd6537\"><style>.stk-6dd6537 .stk-block-text__text{font-size:var(--stk--preset--font-size--medium, 20px) !important;}@media screen and (max-width:999px){.stk-6dd6537 .stk-block-text__text{font-size:var(--stk--preset--font-size--medium, 20px) !important;}}<\/style><p class=\"stk-block-text__text has-text-align-center\"><strong>Gerente General<\/strong><\/p><\/div>\n<\/div><\/div><\/div>\n<\/div><\/div>\n\n\n\n<div class=\"wp-block-stackable-columns stk-block-columns stk-block stk-68d94b1\" data-block-id=\"68d94b1\"><div class=\"stk-row stk-inner-blocks stk-block-content stk-content-align stk-68d94b1-column\">\n<div class=\"wp-block-stackable-column stk-block-column stk-column stk-block stk-f144ec1\" data-v=\"4\" data-block-id=\"f144ec1\"><style>@media screen and (min-width:690px){.stk-f144ec1 {flex:var(--stk-flex-grow, 1) 1 25% !important;}}<\/style><div class=\"stk-column-wrapper stk-block-column__content stk-container stk-f144ec1-container stk--no-background stk--no-padding\"><div class=\"stk-block-content stk-inner-blocks stk-f144ec1-inner-blocks\">\n<p>Lorem Ipsum has been the industry&#8217;s standard dummy text ever since the 1500s.<\/p>\n\n\n\n<div class=\"wp-block-stackable-text stk-block-text stk-block stk-9aafed9\" data-block-id=\"9aafed9\"><style>.stk-9aafed9 .stk-block-text__text{font-size:15px !important;}@media screen and (max-width:999px){.stk-9aafed9 .stk-block-text__text{font-size:15px !important;}}<\/style><p class=\"stk-block-text__text has-text-align-center\"><strong>Directora Acad\u00e9mica<\/strong><\/p><\/div>\n<\/div><\/div><\/div>\n\n\n\n<div class=\"wp-block-stackable-column stk-block-column stk-column stk-block stk-265af73\" data-v=\"4\" data-block-id=\"265af73\"><style>@media screen and (min-width:690px){.stk-265af73 {flex:var(--stk-flex-grow, 1) 1 25% !important;}}<\/style><div class=\"stk-column-wrapper stk-block-column__content stk-container stk-265af73-container stk--no-background stk--no-padding\"><div class=\"stk-block-content stk-inner-blocks stk-265af73-inner-blocks\">\n<p>Lorem Ipsum has been the industry&#8217;s standard dummy text ever since the 1500s.<\/p>\n\n\n\n<div class=\"wp-block-stackable-text stk-block-text stk-block stk-efc013b\" data-block-id=\"efc013b\"><style>.stk-efc013b .stk-block-text__text{font-size:15px !important;}@media screen and (max-width:999px){.stk-efc013b .stk-block-text__text{font-size:15px !important;}}<\/style><p class=\"stk-block-text__text has-text-align-center\"><strong>Director Ministerial<\/strong><\/p><\/div>\n<\/div><\/div><\/div>\n\n\n\n<div class=\"wp-block-stackable-column stk-block-column stk-column stk-block stk-48dad9e\" data-v=\"4\" data-block-id=\"48dad9e\"><style>@media screen and (min-width:690px){.stk-48dad9e {flex:var(--stk-flex-grow, 1) 1 25% !important;}}<\/style><div class=\"stk-column-wrapper stk-block-column__content stk-container stk-48dad9e-container stk--no-background stk--no-padding\"><div class=\"stk-block-content stk-inner-blocks stk-48dad9e-inner-blocks\">\n<p>Lorem Ipsum has been the industry&#8217;s standard dummy text ever since the 1500s.<\/p>\n\n\n\n<div class=\"wp-block-stackable-text stk-block-text stk-block stk-a578f04\" data-block-id=\"a578f04\"><style>.stk-a578f04 .stk-block-text__text{font-size:15px !important;}@media screen and (max-width:999px){.stk-a578f04 .stk-block-text__text{font-size:15px !important;}}<\/style><p class=\"stk-block-text__text has-text-align-center\"><strong>Director Administrativo<\/strong><\/p><\/div>\n<\/div><\/div><\/div>\n\n\n\n<div class=\"wp-block-stackable-column stk-block-column stk-column stk-block stk-c5b338c\" data-v=\"4\" data-block-id=\"c5b338c\"><style>@media screen and (min-width:690px){.stk-c5b338c {flex:var(--stk-flex-grow, 1) 1 25% !important;}}<\/style><div class=\"stk-column-wrapper stk-block-column__content stk-container stk-c5b338c-container stk--no-background stk--no-padding\"><div class=\"stk-block-content stk-inner-blocks stk-c5b338c-inner-blocks\">\n<p>Lorem Ipsum has been the industry&#8217;s standard dummy text ever since the 1500s.<\/p>\n\n\n\n<div class=\"wp-block-stackable-text stk-block-text stk-block stk-faefcc4\" data-block-id=\"faefcc4\"><style>.stk-faefcc4 .stk-block-text__text{font-size:15px !important;}@media screen and (max-width:999px){.stk-faefcc4 .stk-block-text__text{font-size:15px !important;}}<\/style><p class=\"stk-block-text__text has-text-align-center\"><strong>Directora de Comunicaciones<\/strong><\/p><\/div>\n<\/div><\/div><\/div>\n<\/div><\/div>\n\n\n\n<div class=\"wp-block-stackable-text stk-block-text stk-block stk-0ddc94b\" data-block-id=\"0ddc94b\"><style>.stk-0ddc94b {margin-bottom:100px !important;}<\/style><p class=\"stk-block-text__text\"><\/p><\/div>\n\n\n\n<p><\/p>\n","protected":false},"excerpt":{"rendered":"<p>Who we are Qui\u00e9nes somos La Molina Christian Schools es una instituci\u00f3n educativa privada, biling\u00fce y de confesi\u00f3n cristiana bautista. Brindamos una formaci\u00f3n integral a familias que comparten y respetan nuestra filosof\u00eda y modelo educativo. Bajo un modelo de educaci\u00f3n de excelencia basada en la fe, LMCS ejerce su autonom\u00eda pedag\u00f3gica en plena conformidad con [&hellip;]<\/p>\n","protected":false},"author":2,"featured_media":1472,"parent":0,"menu_order":0,"comment_status":"closed","ping_status":"closed","template":"","meta":{"pagelayer_contact_templates":[],"_pagelayer_content":"","footnotes":""},"class_list":["post-717","page","type-page","status-publish","has-post-thumbnail","hentry"],"blocksy_meta":{"styles_descriptor":{"styles":{"desktop":"","tablet":"","mobile":""},"google_fonts":[],"version":6}},"_links":{"self":[{"href":"https:\/\/lmcs.pe\/WP\/wp-json\/wp\/v2\/pages\/717","targetHints":{"allow":["GET"]}}],"collection":[{"href":"https:\/\/lmcs.pe\/WP\/wp-json\/wp\/v2\/pages"}],"about":[{"href":"https:\/\/lmcs.pe\/WP\/wp-json\/wp\/v2\/types\/page"}],"author":[{"embeddable":true,"href":"https:\/\/lmcs.pe\/WP\/wp-json\/wp\/v2\/users\/2"}],"replies":[{"embeddable":true,"href":"https:\/\/lmcs.pe\/WP\/wp-json\/wp\/v2\/comments?post=717"}],"version-history":[{"count":26,"href":"https:\/\/lmcs.pe\/WP\/wp-json\/wp\/v2\/pages\/717\/revisions"}],"predecessor-version":[{"id":1477,"href":"https:\/\/lmcs.pe\/WP\/wp-json\/wp\/v2\/pages\/717\/revisions\/1477"}],"wp:featuredmedia":[{"embeddable":true,"href":"https:\/\/lmcs.pe\/WP\/wp-json\/wp\/v2\/media\/1472"}],"wp:attachment":[{"href":"https:\/\/lmcs.pe\/WP\/wp-json\/wp\/v2\/media?parent=717"}],"curies":[{"name":"wp","href":"https:\/\/api.w.org\/{rel}","templated":true}]}}